{"id":445,"date":"2019-09-09T08:49:37","date_gmt":"2019-09-09T08:49:37","guid":{"rendered":"https:\/\/levelcenter.es\/w2\/lc\/?page_id=445"},"modified":"2026-03-16T08:20:36","modified_gmt":"2026-03-16T07:20:36","slug":"que-hacemos","status":"publish","type":"page","link":"https:\/\/levelcenter.es\/w\/?page_id=445","title":{"rendered":"Qu\u00e9 hacemos"},"content":{"rendered":"<p>Level Center desarrolla sus actividades en los campos de la formaci\u00f3n y la consultor\u00eda.<\/p>\n<p>En el <strong>campo de la formaci\u00f3n<\/strong>, desarrollamos actividades en todos sus distintos \u00e1mbitos:<\/p>\n<ul>\n<li>Formaci\u00f3n continua para trabajadores.<\/li>\n<li>Formaci\u00f3n ocupacional para desempleados (FPE).<\/li>\n<li>Formaci\u00f3n para la obtenci\u00f3n de certificados de profesionalidad y certificados habilitantes.<\/li>\n<li>Formaci\u00f3n a medida para empresas y grupos.<\/li>\n<li>Colaboraciones docentes en el \u00e1mbito universitario (M\u00e1steres y cursos de Experto).<\/li>\n<li>Colaboraci\u00f3n con instituciones de formaci\u00f3n y consultor\u00eda para el desarrollo de proyectos.<\/li>\n<\/ul>\n<p><strong>Disponemos:<\/strong><\/p>\n<ul>\n<li>Aula f\u00edsica acreditada por la Junta de Andaluc\u00eda y el SEPE para 61 certificados de profesionalidad e inscrita para 7 programas formativos (consultar aqu\u00ed nuestras homologaciones: <a href=\"https:\/\/sede.sepe.gob.es\/especialidadesformativas\/RXBuscadorEFRED\/InicioBusquedaTipoCentro.do\">https:\/\/sede.sepe.gob.es\/especialidadesformativas\/RXBuscadorEFRED\/InicioBusquedaTipoCentro.do<\/a>).<\/li>\n<li>Campus virtual acreditado por el SEPE para certificados de profesionalidad y un amplio cat\u00e1logo de programas formativos y otras especialidades (<a href=\"https:\/\/campusvirtual.levelcenter.es\/\">https:\/\/campusvirtual.levelcenter.es\/<\/a>)<\/li>\n<li>Aula virtual para formaci\u00f3n continua para empresas y trabajadores (<a href=\"https:\/\/av24.levelcenter.es\/\">https:\/\/av24.levelcenter.es\/<\/a>)<\/li>\n<\/ul>\n<p><strong>Ofrecemos<\/strong>:<\/p>\n<ul>\n<li>Cursos presenciales in company o en nuestro centro de formaci\u00f3n.<\/li>\n<li>Cursos presenciales mediante aula virtual de formaci\u00f3n.<\/li>\n<li>Cursos online en nuestro campus virtual.<\/li>\n<li>Bonificaci\u00f3n de la formaci\u00f3n empleando los cr\u00e9ditos de formaci\u00f3n del cliente.<\/li>\n<li>Desarrollo de contenidos did\u00e1cticos.<\/li>\n<li>Aulas acreditadas.<\/li>\n<\/ul>\n<p><span>A continuaci\u00f3n damos difusi\u00f3n a nuestra <span style=\"color: #3366ff;\"><strong>carta de servicios certificada<\/strong><\/span>:<\/span><\/p>\n<ul><\/ul>\n\n\n<div class=\"wp-block-image\"><figure class=\"aligncenter size-full\"><img loading=\"lazy\" width=\"535\" height=\"825\" src=\"https:\/\/levelcenter.es\/w\/wp-content\/uploads\/2026\/03\/Carta-de-servicios_1.png\" alt=\"\" class=\"wp-image-1364\" srcset=\"https:\/\/levelcenter.es\/w\/wp-content\/uploads\/2026\/03\/Carta-de-servicios_1.png 535w, https:\/\/levelcenter.es\/w\/wp-content\/uploads\/2026\/03\/Carta-de-servicios_1-195x300.png 195w\" sizes=\"(max-width: 535px) 100vw, 535px\" \/><\/figure><\/div>\n\n\n\n<div class=\"wp-block-image is-style-default\"><figure class=\"aligncenter size-full\"><img loading=\"lazy\" width=\"577\" height=\"883\" src=\"https:\/\/levelcenter.es\/w\/wp-content\/uploads\/2026\/03\/Carta-de-servicios_2.png\" alt=\"\" class=\"wp-image-1365\" srcset=\"https:\/\/levelcenter.es\/w\/wp-content\/uploads\/2026\/03\/Carta-de-servicios_2.png 577w, https:\/\/levelcenter.es\/w\/wp-content\/uploads\/2026\/03\/Carta-de-servicios_2-196x300.png 196w\" sizes=\"(max-width: 577px) 100vw, 577px\" \/><\/figure><\/div>\n\n\n\n<div class=\"wp-block-image\"><figure class=\"aligncenter size-full\"><img loading=\"lazy\" width=\"570\" height=\"869\" src=\"https:\/\/levelcenter.es\/w\/wp-content\/uploads\/2026\/03\/Carta-de-servicios_3.png\" alt=\"\" class=\"wp-image-1366\" srcset=\"https:\/\/levelcenter.es\/w\/wp-content\/uploads\/2026\/03\/Carta-de-servicios_3.png 570w, https:\/\/levelcenter.es\/w\/wp-content\/uploads\/2026\/03\/Carta-de-servicios_3-197x300.png 197w\" sizes=\"(max-width: 570px) 100vw, 570px\" \/><\/figure><\/div>\n\n\n\n<p>En el <strong>\u00e1mbito de la Consultor\u00eda<\/strong>, nos hemos especializados en la implantaci\u00f3n, auditor\u00eda e integraci\u00f3n de sistemas de gesti\u00f3n y soluciones t\u00e9cnicas.<\/p>\n\n\n\n<div class=\"wp-block-image\"><figure class=\"aligncenter\"><img loading=\"lazy\" width=\"300\" height=\"225\" src=\"http:\/\/levelcenter.es\/w\/wp-content\/uploads\/2021\/08\/Vilamar-1-frontal-300x225.jpg\" alt=\"\" class=\"wp-image-571\" srcset=\"https:\/\/levelcenter.es\/w\/wp-content\/uploads\/2021\/08\/Vilamar-1-frontal-300x225.jpg 300w, https:\/\/levelcenter.es\/w\/wp-content\/uploads\/2021\/08\/Vilamar-1-frontal.jpg 460w\" sizes=\"(max-width: 300px) 100vw, 300px\" \/><\/figure><\/div>\n\n\n\n<p><strong>Ofrecemos<\/strong>:<\/p>\n\n\n\n<ul><li>Apoyo en los procesos de implantaci\u00f3n de sistemas de gesti\u00f3n basados en normas (UNE, EN, ISO o equivalentes).<\/li><li>Cualificaci\u00f3n del personal responsable del sistema de gesti\u00f3n como gestores y\/o auditores internos.<\/li><li>Sensibilizaci\u00f3n del personal de la organizaci\u00f3n para facilitar y acelerar el cambio.<\/li><li>Desarrollo del soporte documental del sistema de gesti\u00f3n: pol\u00edticas, indicadores, manuales, procedimientos, formatos, etc.<\/li><li>Transformaci\u00f3n digital del sistema de gesti\u00f3n.<\/li><li>Planificaci\u00f3n y realizaci\u00f3n de auditor\u00edas internas.<\/li><li>Selecci\u00f3n de auditoras de certificaci\u00f3n conforme al presupuesto y alcance deseados.<\/li><li>Acompa\u00f1amiento en la auditor\u00eda externa de certificaci\u00f3n.<\/li><li>Apoyo en la operaci\u00f3n, mantenimiento y mejora del sistema de gesti\u00f3n implantado.<\/li><\/ul>\n","protected":false},"excerpt":{"rendered":"<p>Level Center desarrolla sus actividades en los campos de la formaci\u00f3n y la consultor\u00eda. En el campo de la formaci\u00f3n, desarrollamos actividades en todos sus distintos \u00e1mbitos: Formaci\u00f3n continua para trabajadores. Formaci\u00f3n ocupacional para desempleados (FPE). Formaci\u00f3n para la obtenci\u00f3n de certificados de profesionalidad y certificados habilitantes. Formaci\u00f3n a medida [&hellip;]<\/p>\n","protected":false},"author":1,"featured_media":689,"parent":0,"menu_order":0,"comment_status":"closed","ping_status":"closed","template":"","meta":[],"_links":{"self":[{"href":"https:\/\/levelcenter.es\/w\/index.php?rest_route=\/wp\/v2\/pages\/445"}],"collection":[{"href":"https:\/\/levelcenter.es\/w\/index.php?rest_route=\/wp\/v2\/pages"}],"about":[{"href":"https:\/\/levelcenter.es\/w\/index.php?rest_route=\/wp\/v2\/types\/page"}],"author":[{"embeddable":true,"href":"https:\/\/levelcenter.es\/w\/index.php?rest_route=\/wp\/v2\/users\/1"}],"replies":[{"embeddable":true,"href":"https:\/\/levelcenter.es\/w\/index.php?rest_route=%2Fwp%2Fv2%2Fcomments&post=445"}],"version-history":[{"count":3,"href":"https:\/\/levelcenter.es\/w\/index.php?rest_route=\/wp\/v2\/pages\/445\/revisions"}],"predecessor-version":[{"id":1367,"href":"https:\/\/levelcenter.es\/w\/index.php?rest_route=\/wp\/v2\/pages\/445\/revisions\/1367"}],"wp:featuredmedia":[{"embeddable":true,"href":"https:\/\/levelcenter.es\/w\/index.php?rest_route=\/wp\/v2\/media\/689"}],"wp:attachment":[{"href":"https:\/\/levelcenter.es\/w\/index.php?rest_route=%2Fwp%2Fv2%2Fmedia&parent=445"}],"curies":[{"name":"wp","href":"https:\/\/api.w.org\/{rel}","templated":true}]}}