{"id":12,"date":"2017-07-02T08:04:23","date_gmt":"2017-07-02T08:04:23","guid":{"rendered":"https:\/\/levelcenter.es\/w2\/lc\/?page_id=7"},"modified":"2021-09-28T22:25:00","modified_gmt":"2021-09-28T20:25:00","slug":"donde-estamos","status":"publish","type":"page","link":"https:\/\/levelcenter.es\/w\/?page_id=12","title":{"rendered":"D\u00f3nde estamos"},"content":{"rendered":"<p>Level Center, S.L.<\/p>\n<p><img loading=\"lazy\" src=\"http:\/\/levelcenter.es\/w\/wp-content\/uploads\/2021\/08\/Vilamar-1-frontal-300x225.jpg\" alt=\"\" width=\"298\" height=\"224\" class=\"wp-image-571 alignleft\" draggable=\"true\" data-bukket-ext-bukket-draggable=\"true\" srcset=\"https:\/\/levelcenter.es\/w\/wp-content\/uploads\/2021\/08\/Vilamar-1-frontal-300x225.jpg 300w, https:\/\/levelcenter.es\/w\/wp-content\/uploads\/2021\/08\/Vilamar-1-frontal.jpg 460w\" sizes=\"(max-width: 298px) 100vw, 298px\" \/><\/p>\n<p>Direcci\u00f3n:<\/p>\n<p>Av. Tecnolog\u00eda, 26 &#8211; Edificio Vilamar 1, 1\u00aa planta 25-27 &#8211; 41015 Sevilla &#8211; ESPA\u00d1A<\/p>\n<p>Tel\u00e9fono: +34 954.532.804<\/p>\n<p>Correo-e: levelcenter@levelcenter.es<\/p>\n<p><span style=\"font-size: revert; color: initial;\">Encuentranos en google maps.<\/span><\/p>\n<p style=\"text-align: center;\"><iframe loading=\"lazy\" width=\"400\" height=\"300\" style=\"border: 0;\" src=\"https:\/\/www.google.com\/maps\/embed?pb=!1m18!1m12!1m3!1d50724.18714109488!2d-6.008377924191054!3d37.38364297983253!2m3!1f0!2f0!3f0!3m2!1i1024!2i768!4f13.1!3m3!1m2!1s0xd126ea2cf2d44a5%3A0x8d9615beb2ba9c21!2sLevel+Center+S.L.!5e0!3m2!1ses!2ses!4v1498239903370\" frameborder=\"0\" allowfullscreen=\"allowfullscreen\"><\/iframe><\/p>\n<p>L\u00edneas de autob\u00fas cercanas:<\/p>\n<p>L\u00ednea 3 &#8211; <a href=\"https:\/\/reddelineas.tussam.es\/?linea=03&amp;lang=es\">Bellavista-S. Jeronimo-Pino Montano<\/a><\/p>\n<p>L\u00ednea 10 &#8211; <a href=\"https:\/\/reddelineas.tussam.es\/?lang=es#\">Ponce de Le\u00f3n &#8211; San Jer\u00f3nimo<\/a><\/p>\n<p>L\u00ednea 12 &#8211; <a href=\"https:\/\/reddelineas.tussam.es\/?linea=03&amp;lang=es#\">Ponce de Le\u00f3n &#8211; Pino Montano<\/a><\/p>\n<p>L\u00ednea 13 &#8211; <a href=\"#\">Plaza Duque &#8211; Pino Montano<\/a><\/p>\n<p>L\u00ednea C6A &#8211; <a href=\"https:\/\/reddelineas.tussam.es\/?linea=03&amp;lang=es#\"><span>Circular Macarena Norte Sentido A<\/span><\/a><\/p>\n<p>L\u00ednea Norte &#8211; <a href=\"https:\/\/reddelineas.tussam.es\/?linea=03&amp;lang=es#\">L\u00ednea Norte<\/a><\/p>\n","protected":false},"excerpt":{"rendered":"<p>Level Center, S.L. Direcci\u00f3n: Av. Tecnolog\u00eda, 26 &#8211; Edificio Vilamar 1, 1\u00aa planta 25-27 &#8211; 41015 Sevilla &#8211; ESPA\u00d1A Tel\u00e9fono: +34 954.532.804 Correo-e: levelcenter@levelcenter.es Encuentranos en google maps. L\u00edneas de autob\u00fas cercanas: L\u00ednea 3 &#8211; Bellavista-S. Jeronimo-Pino Montano L\u00ednea 10 &#8211; Ponce de Le\u00f3n &#8211; San Jer\u00f3nimo L\u00ednea 12 &#8211; [&hellip;]<\/p>\n","protected":false},"author":1,"featured_media":0,"parent":0,"menu_order":0,"comment_status":"closed","ping_status":"closed","template":"","meta":[],"_links":{"self":[{"href":"https:\/\/levelcenter.es\/w\/index.php?rest_route=\/wp\/v2\/pages\/12"}],"collection":[{"href":"https:\/\/levelcenter.es\/w\/index.php?rest_route=\/wp\/v2\/pages"}],"about":[{"href":"https:\/\/levelcenter.es\/w\/index.php?rest_route=\/wp\/v2\/types\/page"}],"author":[{"embeddable":true,"href":"https:\/\/levelcenter.es\/w\/index.php?rest_route=\/wp\/v2\/users\/1"}],"replies":[{"embeddable":true,"href":"https:\/\/levelcenter.es\/w\/index.php?rest_route=%2Fwp%2Fv2%2Fcomments&post=12"}],"version-history":[{"count":11,"href":"https:\/\/levelcenter.es\/w\/index.php?rest_route=\/wp\/v2\/pages\/12\/revisions"}],"predecessor-version":[{"id":698,"href":"https:\/\/levelcenter.es\/w\/index.php?rest_route=\/wp\/v2\/pages\/12\/revisions\/698"}],"wp:attachment":[{"href":"https:\/\/levelcenter.es\/w\/index.php?rest_route=%2Fwp%2Fv2%2Fmedia&parent=12"}],"curies":[{"name":"wp","href":"https:\/\/api.w.org\/{rel}","templated":true}]}}