{"id":11,"date":"2017-07-02T08:02:10","date_gmt":"2017-07-02T08:02:10","guid":{"rendered":"https:\/\/levelcenter.es\/w2\/lc\/?page_id=5"},"modified":"2022-01-22T12:08:55","modified_gmt":"2022-01-22T11:08:55","slug":"quienes-somos","status":"publish","type":"page","link":"https:\/\/levelcenter.es\/w\/?page_id=11","title":{"rendered":"Quienes Somos"},"content":{"rendered":"<p>Level Center es un <strong>Centro de Formaci\u00f3n y Consultor\u00eda T\u00e9cnica<\/strong>, fundado en 1997, por profesionales del \u00e1mbito de la ingenier\u00eda y la gesti\u00f3n empresarial.<\/p>\n<p>Con clara vocaci\u00f3n docente, esta empresa y las personas que aqu\u00ed trabajamos, hemos procurado hacernos un peque\u00f1o hueco en los campos de la <strong>formaci\u00f3n y la consultor\u00eda t\u00e9cnica y empresarial<\/strong>, ofreciendo a nuestros clientes soluciones integrales para la soluci\u00f3n de los procesos de cambio y adaptaci\u00f3n a los nuevos requisitos de una sociedad y una econom\u00eda cambiantes.<\/p>\n<p>En 2022 cumplimos 25 a\u00f1os formando personas.<\/p>\n<p><img loading=\"lazy\" src=\"https:\/\/levelcenter.es\/w\/wp-content\/uploads\/2022\/01\/25-anos-300x97.png\" alt=\"\" width=\"300\" height=\"97\" class=\"size-medium wp-image-736 aligncenter\" draggable=\"true\" data-bukket-ext-bukket-draggable=\"true\" \/><\/p>\n<p>Actualmente ya son m\u00e1s de 15.000 los alumnos formados en nuestros programas de formaci\u00f3n y cientos de empresas las que nos han confiado la formaci\u00f3n de sus profesionales o la consultor\u00eda de apoyo a sus sistemas de gesti\u00f3n implantados.<\/p>\n<p><img loading=\"lazy\" src=\"http:\/\/levelcenter.es\/w\/wp-content\/uploads\/2021\/08\/Vilamar-1-principal-300x158.jpg\" alt=\"\" width=\"300\" height=\"158\" class=\"size-medium wp-image-567 aligncenter\" draggable=\"true\" data-bukket-ext-bukket-draggable=\"true\" srcset=\"https:\/\/levelcenter.es\/w\/wp-content\/uploads\/2021\/08\/Vilamar-1-principal-300x158.jpg 300w, https:\/\/levelcenter.es\/w\/wp-content\/uploads\/2021\/08\/Vilamar-1-principal-1024x539.jpg 1024w, https:\/\/levelcenter.es\/w\/wp-content\/uploads\/2021\/08\/Vilamar-1-principal-768x404.jpg 768w, https:\/\/levelcenter.es\/w\/wp-content\/uploads\/2021\/08\/Vilamar-1-principal.jpg 1350w\" sizes=\"(max-width: 300px) 100vw, 300px\" \/><\/p>\n<p><strong>NUESTRAS<\/strong><strong>\u00a0ACREDITACIONES, CERTIFICACIONES Y MEMBRES\u00cdAS<\/strong><\/p>\n<ul>\n<li>Centro de Formaci\u00f3n Acreditado por el Servicio P\u00fablico de Empleo Estatal (SEPE), y las Consejer\u00edas de Empleo y de Educaci\u00f3n de la Junta de Andaluc\u00eda para 71 certificados de profesionalidad y 74 especialidades relacionadas con el comercio, la log\u00edstica y el marketing, la administraci\u00f3n y la gesti\u00f3n empresarial, la calidad, el medio ambiente, el comercio internacional, y la fabricaci\u00f3n industrial, entre otros.<\/li>\n<\/ul>\n<p style=\"padding-left: 160px;\"><img loading=\"lazy\" src=\"http:\/\/levelcenter.es\/w\/wp-content\/uploads\/2021\/08\/Junta_Andalucia_formacion-150x150.jpg\" alt=\"\" width=\"150\" height=\"150\" class=\"alignnone wp-image-564 size-thumbnail\" draggable=\"true\" data-bukket-ext-bukket-draggable=\"true\" srcset=\"https:\/\/levelcenter.es\/w\/wp-content\/uploads\/2021\/08\/Junta_Andalucia_formacion-150x150.jpg 150w, https:\/\/levelcenter.es\/w\/wp-content\/uploads\/2021\/08\/Junta_Andalucia_formacion-300x300.jpg 300w, https:\/\/levelcenter.es\/w\/wp-content\/uploads\/2021\/08\/Junta_Andalucia_formacion.jpg 400w\" sizes=\"(max-width: 150px) 100vw, 150px\" \/>\u00a0 \u00a0 <img loading=\"lazy\" src=\"http:\/\/levelcenter.es\/w\/wp-content\/uploads\/2021\/08\/sepe.png\" alt=\"\" width=\"230\" height=\"169\" class=\"alignnone size-medium wp-image-565\" draggable=\"true\" data-bukket-ext-bukket-draggable=\"true\" \/><\/p>\n<ul>\n<li>Centro de formaci\u00f3n certificado ISO 9001:2015 (Gesti\u00f3n de la Calidad) e ISO 14001:2015 (Gesti\u00f3n Ambiental) por la entidad certificadora Cerne auditores, acreditada por ENAC.<\/li>\n<\/ul>\n<p style=\"padding-left: 200px;\"><img loading=\"lazy\" src=\"http:\/\/levelcenter.es\/w\/wp-content\/uploads\/2021\/08\/Sello-LEVEL-CENTER-ISO-14001-150x150.png\" alt=\"\" width=\"150\" height=\"150\" class=\"alignnone wp-image-551 size-thumbnail\" draggable=\"true\" data-bukket-ext-bukket-draggable=\"true\" srcset=\"https:\/\/levelcenter.es\/w\/wp-content\/uploads\/2021\/08\/Sello-LEVEL-CENTER-ISO-14001-150x150.png 150w, https:\/\/levelcenter.es\/w\/wp-content\/uploads\/2021\/08\/Sello-LEVEL-CENTER-ISO-14001-300x300.png 300w, https:\/\/levelcenter.es\/w\/wp-content\/uploads\/2021\/08\/Sello-LEVEL-CENTER-ISO-14001-1024x1024.png 1024w, https:\/\/levelcenter.es\/w\/wp-content\/uploads\/2021\/08\/Sello-LEVEL-CENTER-ISO-14001-768x768.png 768w, https:\/\/levelcenter.es\/w\/wp-content\/uploads\/2021\/08\/Sello-LEVEL-CENTER-ISO-14001-1536x1536.png 1536w, https:\/\/levelcenter.es\/w\/wp-content\/uploads\/2021\/08\/Sello-LEVEL-CENTER-ISO-14001.png 1653w\" sizes=\"(max-width: 150px) 100vw, 150px\" \/>\u00a0 \u00a0 \u00a0 \u00a0 \u00a0 <img loading=\"lazy\" src=\"http:\/\/levelcenter.es\/w\/wp-content\/uploads\/2021\/08\/Sello-LEVEL-CENTER-ISO-9001-150x150.png\" alt=\"\" width=\"150\" height=\"150\" class=\"alignnone wp-image-552 size-thumbnail\" draggable=\"true\" data-bukket-ext-bukket-draggable=\"true\" srcset=\"https:\/\/levelcenter.es\/w\/wp-content\/uploads\/2021\/08\/Sello-LEVEL-CENTER-ISO-9001-150x150.png 150w, https:\/\/levelcenter.es\/w\/wp-content\/uploads\/2021\/08\/Sello-LEVEL-CENTER-ISO-9001-300x300.png 300w, https:\/\/levelcenter.es\/w\/wp-content\/uploads\/2021\/08\/Sello-LEVEL-CENTER-ISO-9001-1024x1024.png 1024w, https:\/\/levelcenter.es\/w\/wp-content\/uploads\/2021\/08\/Sello-LEVEL-CENTER-ISO-9001-768x768.png 768w, https:\/\/levelcenter.es\/w\/wp-content\/uploads\/2021\/08\/Sello-LEVEL-CENTER-ISO-9001-1536x1536.png 1536w, https:\/\/levelcenter.es\/w\/wp-content\/uploads\/2021\/08\/Sello-LEVEL-CENTER-ISO-9001.png 1653w\" sizes=\"(max-width: 150px) 100vw, 150px\" \/><\/p>\n<ul>\n<li>Miembros de la <a href=\"https:\/\/www.aula07.es\/\">UTE FPE 6 Sevilla 2021<\/a>.<\/li>\n<\/ul>\n<p><img loading=\"lazy\" src=\"https:\/\/levelcenter.es\/w\/wp-content\/uploads\/2021\/12\/IMAGEN-CON-LOGO-UTE-300x225.jpg\" alt=\"\" width=\"300\" height=\"225\" class=\"size-medium wp-image-771 aligncenter\" draggable=\"true\" data-bukket-ext-bukket-draggable=\"true\" srcset=\"https:\/\/levelcenter.es\/w\/wp-content\/uploads\/2021\/12\/IMAGEN-CON-LOGO-UTE-300x225.jpg 300w, https:\/\/levelcenter.es\/w\/wp-content\/uploads\/2021\/12\/IMAGEN-CON-LOGO-UTE-1024x768.jpg 1024w, https:\/\/levelcenter.es\/w\/wp-content\/uploads\/2021\/12\/IMAGEN-CON-LOGO-UTE-768x576.jpg 768w, https:\/\/levelcenter.es\/w\/wp-content\/uploads\/2021\/12\/IMAGEN-CON-LOGO-UTE-1536x1152.jpg 1536w, https:\/\/levelcenter.es\/w\/wp-content\/uploads\/2021\/12\/IMAGEN-CON-LOGO-UTE.jpg 1890w\" sizes=\"(max-width: 300px) 100vw, 300px\" \/><\/p>\n<ul>\n<li><span style=\"color: initial;\">Proveedor de Formaci\u00f3n Homologado por diversas empresas clientes.<\/span><\/li>\n<li>Centro de Formaci\u00f3n Autorizado por la Consejer\u00eda de Salud de la Junta de Andaluc\u00eda para la formaci\u00f3n de manipuladores de alimentos (hasta la derogaci\u00f3n de la obligaci\u00f3n de ser autorizado).<\/li>\n<li>Centro de Formaci\u00f3n Homologado por la Fundaci\u00f3n Laboral de la Construcci\u00f3n para la formaci\u00f3n en Prevenci\u00f3n de Riesgos Laborales (hasta el cambio legislativo).<\/li>\n<li>Miembro de AENOA (Asociaci\u00f3n de Entidades Organizadoras de Formaci\u00f3n Continua)<\/li>\n<li>Miembro de CECAP (Asociaci\u00f3n de empresas de formaci\u00f3n privada)<\/li>\n<\/ul>\n<p><strong>NUESTRA POL\u00cdTICA DE CALIDAD Y MEDIO AMBIENTE<\/strong><\/p>\n<p>La Direcci\u00f3n de LEVEL CENTER ha definido como estrategia b\u00e1sica para el \u00e9xito de la empresa, el desarrollo de sus actividades dentro del concepto de Excelencia, entendida como Excelencia en todos los aspectos y \u00e1mbitos de la empresa. A la Excelencia debemos llegar a trav\u00e9s de la CALIDAD, la EFICIENCIA, la SEGURIDAD y la GESTI\u00d3N AMBIENTAL de nuestras actividades.<\/p>\n<p>En consecuencia, como parte de esta estrategia b\u00e1sica para el \u00e9xito de la empresa, la Direcci\u00f3n de LEVEL CENTER asume el compromiso de implantar un Sistema de Gesti\u00f3n Integrada de Calidad y Medio Ambiente (SGI), seg\u00fan las normas UNE-EN-ISO 9001:2015 y UNE-EN ISO 14001:2015.<\/p>\n<p>En este documento se definen las l\u00edneas generales de nuestro compromiso, que deber\u00e1n ser el marco de referencia para todas nuestras actividades y para todos los integrantes de la empresa o quienes act\u00faen en su nombre:<\/p>\n<ol>\n<li>CUMPLIR con los REQUISITOS LEGALES aplicables, los REQUISITOS de CLIENTES, los REQUISITOS PERTINENTES de OTRAS PARTES INTERESADAS, y con OTROS requisitos que la organizaci\u00f3n suscriba, as\u00ed como mantener una relaci\u00f3n de di\u00e1logo y colaboraci\u00f3n con la Administraci\u00f3n Competente tanto en las actividades de formaci\u00f3n para el empleo como en materia ambiental.<\/li>\n<li>Enfocar nuestra actividad a la SATISFACI\u00d3N DEL CLIENTE y OTRAS PARTES INTERESADAS.<\/li>\n<li>Fomentar la PREVENCI\u00d3N DE LA CONTAMINACI\u00d3N en nuestras actividades, a partir de:\n<ul>\n<li>La IDENTIFICACI\u00d3N de aquellos ASPECTOS de nuestras actividades, productos y servicios, que generan impactos SIGNIFICATIVOS sobre el medio ambiente, a fin de integrar las medidas de control necesarias en las operaciones diarias.<\/li>\n<li>El consumo responsable de los recursos naturales, el agua, los combustibles y la energ\u00eda, en t\u00e9rminos de ECOEFICIENCIA.<\/li>\n<li>La promoci\u00f3n de la REUTILIZACI\u00d3N, la RECUPERACI\u00d3N y RECICLAJE de los materiales y equipamientos que empleamos en nuestras actividades.<\/li>\n<li>Una MEJOR GESTI\u00d3N de residuos, vertidos y emisiones mediante la adopci\u00f3n de medidas de control y pr\u00e1cticas respetuosas con el medio que nos rodea.<\/li>\n<li>Aplicaci\u00f3n de planes de MINIMIZACI\u00d3N del impacto ambiental de nuestra actividad donde sea posible.<\/li>\n<li>La sensibilizaci\u00f3n de nuestro personal, nuestros colaboradores y cuando sea factible del personal de nuestros clientes, en la adopci\u00f3n de BUENAS PR\u00c1CTICAS AMBIENTALES.<\/li>\n<li>Control, reducci\u00f3n y\/o eliminaci\u00f3n de los RIESGOS AMBIENTALES derivados de nuestras actividades, productos y servicios.<\/li>\n<\/ul>\n<\/li>\n<li>Asumir una cultura de MEJORA CONTINUA en todos los \u00e1mbitos de nuestra actividad.<\/li>\n<\/ol>\n<p>Es deseo de la Direcci\u00f3n que nuestra pol\u00edtica integrada de gesti\u00f3n de la calidad y el medio ambiente est\u00e9 disponible y se mantenga como informaci\u00f3n documentada del Sistema de Gesti\u00f3n Integrada de la Calidad y el Medio Ambiente (SGI), sea COMUNICADA para que sea ENTENDIDA y APLICADA por las personas y empresas que trabajen con, en nombre de o para LEVEL CENTER, incluyendo contratistas, formadores y proveedores, y mantenerla A DISPOSICI\u00d3N DEL P\u00daBLICO, con el fin de dar a conocer los compromisos adquiridos y lograr una COLABORACI\u00d3N activa en la consecuci\u00f3n de los mismos.<\/p>\n","protected":false},"excerpt":{"rendered":"<p>Level Center es un Centro de Formaci\u00f3n y Consultor\u00eda T\u00e9cnica, fundado en 1997, por profesionales del \u00e1mbito de la ingenier\u00eda y la gesti\u00f3n empresarial. Con clara vocaci\u00f3n docente, esta empresa y las personas que aqu\u00ed trabajamos, hemos procurado hacernos un peque\u00f1o hueco en los campos de la formaci\u00f3n y la [&hellip;]<\/p>\n","protected":false},"author":2,"featured_media":0,"parent":0,"menu_order":0,"comment_status":"closed","ping_status":"closed","template":"","meta":[],"_links":{"self":[{"href":"https:\/\/levelcenter.es\/w\/index.php?rest_route=\/wp\/v2\/pages\/11"}],"collection":[{"href":"https:\/\/levelcenter.es\/w\/index.php?rest_route=\/wp\/v2\/pages"}],"about":[{"href":"https:\/\/levelcenter.es\/w\/index.php?rest_route=\/wp\/v2\/types\/page"}],"author":[{"embeddable":true,"href":"https:\/\/levelcenter.es\/w\/index.php?rest_route=\/wp\/v2\/users\/2"}],"replies":[{"embeddable":true,"href":"https:\/\/levelcenter.es\/w\/index.php?rest_route=%2Fwp%2Fv2%2Fcomments&post=11"}],"version-history":[{"count":7,"href":"https:\/\/levelcenter.es\/w\/index.php?rest_route=\/wp\/v2\/pages\/11\/revisions"}],"predecessor-version":[{"id":781,"href":"https:\/\/levelcenter.es\/w\/index.php?rest_route=\/wp\/v2\/pages\/11\/revisions\/781"}],"wp:attachment":[{"href":"https:\/\/levelcenter.es\/w\/index.php?rest_route=%2Fwp%2Fv2%2Fmedia&parent=11"}],"curies":[{"name":"wp","href":"https:\/\/api.w.org\/{rel}","templated":true}]}}